{"id":794,"date":"2026-03-15T13:33:19","date_gmt":"2026-03-15T13:33:19","guid":{"rendered":"https:\/\/bhv-nl.de\/?page_id=794"},"modified":"2026-03-15T13:49:58","modified_gmt":"2026-03-15T13:49:58","slug":"sparte-haustiere","status":"publish","type":"page","link":"https:\/\/bhv-nl.de\/index.php\/sparte-haustiere\/","title":{"rendered":"Sparte Haustiere"},"content":{"rendered":"\t\t<div data-elementor-type=\"wp-page\" data-elementor-id=\"794\" class=\"elementor elementor-794\" data-elementor-post-type=\"page\">\n\t\t\t\t<div class=\"elementor-element elementor-element-0008b58 e-flex e-con-boxed e-con e-parent\" data-id=\"0008b58\" data-element_type=\"container\" data-e-type=\"container\">\n\t\t\t\t\t<div class=\"e-con-inner\">\n\t\t\t\t<div class=\"elementor-element elementor-element-5b58935 elementor-widget elementor-widget-spacer\" data-id=\"5b58935\" data-element_type=\"widget\" data-e-type=\"widget\" data-widget_type=\"spacer.default\">\n\t\t\t\t\t\t\t<div class=\"elementor-spacer\">\n\t\t\t<div class=\"elementor-spacer-inner\"><\/div>\n\t\t<\/div>\n\t\t\t\t\t\t<\/div>\n\t\t\t\t<div class=\"elementor-element elementor-element-84c0624 elementor-widget elementor-widget-heading\" data-id=\"84c0624\" data-element_type=\"widget\" data-e-type=\"widget\" data-widget_type=\"heading.default\">\n\t\t\t\t\t<h2 class=\"elementor-heading-title elementor-size-default\">Sparte Haustiere im B\u00fcrgerhilfeverein<\/h2>\t\t\t\t<\/div>\n\t\t\t\t<div class=\"elementor-element elementor-element-987387b elementor-widget elementor-widget-image\" data-id=\"987387b\" data-element_type=\"widget\" data-e-type=\"widget\" data-widget_type=\"image.default\">\n\t\t\t\t\t\t\t\t\t\t\t\t\t\t\t<img decoding=\"async\" src=\"https:\/\/bhv-nl.de\/wp-content\/uploads\/elementor\/thumbs\/Haustiere-2-rkjpq61nk0nztmljfbygs6rc7gz6guv5mes8h7ec5c.webp\" title=\"Haustiere 2\" alt=\"Haustiere 2\" loading=\"lazy\" \/>\t\t\t\t\t\t\t\t\t\t\t\t\t\t\t<\/div>\n\t\t\t\t<div class=\"elementor-element elementor-element-6f76cd9 elementor-widget elementor-widget-text-editor\" data-id=\"6f76cd9\" data-element_type=\"widget\" data-e-type=\"widget\" data-widget_type=\"text-editor.default\">\n\t\t\t\t\t\t\t\t\t<h3 class=\"western\" align=\"left\"><strong><span style=\"font-family: Linux Biolinum G;\"><b>Sparte \u201eHaustiere\u201c<\/b><\/span><\/strong><\/h3><p class=\"western\" align=\"left\"><span style=\"font-family: Linux Biolinum G;\">Die Sparte <\/span><strong><span style=\"font-family: Linux Biolinum G;\">Haustiere<\/span><\/strong><span style=\"font-family: Linux Biolinum G;\"> des B\u00fcrgerhilfe-Vereins unterst\u00fctzt insbesondere \u00e4ltere und alleinstehende Mitb\u00fcrgerinnen und Mitb\u00fcrger beim verantwortungsvollen Umgang mit ihren Tieren. Ziel ist es, den Verbleib der Tiere im vertrauten Umfeld m\u00f6glichst lange zu erm\u00f6glichen und in besonderen Lebenslagen verl\u00e4ssliche Hilfe anzubieten.<\/span><\/p><p class=\"western\" align=\"left\"><span style=\"font-family: Linux Biolinum G;\">Zu den Aufgaben der Sparte geh\u00f6ren:<\/span><\/p><ul><li><p class=\"western\" align=\"left\"><strong><span style=\"font-family: Linux Biolinum G;\">Beratung und Unterst\u00fctzung bei der Tierhaltung und -erziehung<\/span><\/strong><span style=\"font-family: Linux Biolinum G;\">, insbesondere bei Hunden und Katzen.<\/span><\/p><\/li><li><p class=\"western\" align=\"left\"><strong><span style=\"font-family: Linux Biolinum G;\">Vermittlung von Gastunterk\u00fcnften<\/span><\/strong><span style=\"font-family: Linux Biolinum G;\"> f\u00fcr Haustiere bei Krankheit oder Urlaub der Halter.<\/span><\/p><\/li><li><p class=\"western\" align=\"left\"><strong><span style=\"font-family: Linux Biolinum G;\">Organisation einer verantwortungsvollen Weitervermittlung<\/span><\/strong><span style=\"font-family: Linux Biolinum G;\"> von Tieren im Todesfall des Besitzers an zuverl\u00e4ssige neue Halter.<\/span><\/p><\/li><li><p class=\"western\" align=\"left\"><strong><span style=\"font-family: Linux Biolinum G;\">Begleitung und Betreuung<\/span><\/strong><span style=\"font-family: Linux Biolinum G;\"> von Mitgliedern, die aufgrund von Alter oder Krankheit Hilfe bei der t\u00e4glichen Versorgung ihrer Tiere ben\u00f6tigen.<\/span><\/p><\/li><\/ul><p class=\"western\" align=\"left\"><span style=\"font-family: Linux Biolinum G;\">Die <\/span><strong><span style=\"font-family: Linux Biolinum G;\">Verantwortung f\u00fcr die Sparte<\/span><\/strong><span style=\"font-family: Linux Biolinum G;\"> liegt beim <\/span><strong><span style=\"font-family: Linux Biolinum G;\">Spartenleiter<\/span><\/strong><span style=\"font-family: Linux Biolinum G;\"> und seinem <\/span><strong><span style=\"font-family: Linux Biolinum G;\">Vertreter<\/span><\/strong><span style=\"font-family: Linux Biolinum G;\">, die im Auftrag des Vorstandes handeln und f\u00fcr die ordnungsgem\u00e4\u00dfe Durchf\u00fchrung der Aufgaben Sorge tragen.<\/span><\/p><p class=\"western\" align=\"left\"><span style=\"font-family: Linux Biolinum G;\">Eine verbindliche Zusage f\u00fcr die gew\u00fcnschte Erbringung der oben genannten Leistungen kann von unserem Verein selbstverst\u00e4ndlich nicht gemacht werde<\/span><\/p>\t\t\t\t\t\t\t\t<\/div>\n\t\t\t\t\t<\/div>\n\t\t\t\t<\/div>\n\t\t\t\t<\/div>\n\t\t","protected":false},"excerpt":{"rendered":"<p>Sparte Haustiere im B\u00fcrgerhilfeverein Sparte \u201eHaustiere\u201c Die Sparte Haustiere des B\u00fcrgerhilfe-Vereins unterst\u00fctzt insbesondere \u00e4ltere und alleinstehende Mitb\u00fcrgerinnen und Mitb\u00fcrger beim verantwortungsvollen Umgang mit ihren Tieren. Ziel ist es, den Verbleib der Tiere im vertrauten Umfeld m\u00f6glichst lange zu erm\u00f6glichen und in besonderen Lebenslagen verl\u00e4ssliche Hilfe anzubieten. Zu den Aufgaben der Sparte geh\u00f6ren: Beratung und Unterst\u00fctzung [&hellip;]<\/p>\n","protected":false},"author":1,"featured_media":0,"parent":0,"menu_order":0,"comment_status":"closed","ping_status":"closed","template":"elementor_header_footer","meta":{"footnotes":""},"class_list":["post-794","page","type-page","status-publish","hentry"],"_links":{"self":[{"href":"https:\/\/bhv-nl.de\/index.php\/wp-json\/wp\/v2\/pages\/794","targetHints":{"allow":["GET"]}}],"collection":[{"href":"https:\/\/bhv-nl.de\/index.php\/wp-json\/wp\/v2\/pages"}],"about":[{"href":"https:\/\/bhv-nl.de\/index.php\/wp-json\/wp\/v2\/types\/page"}],"author":[{"embeddable":true,"href":"https:\/\/bhv-nl.de\/index.php\/wp-json\/wp\/v2\/users\/1"}],"replies":[{"embeddable":true,"href":"https:\/\/bhv-nl.de\/index.php\/wp-json\/wp\/v2\/comments?post=794"}],"version-history":[{"count":19,"href":"https:\/\/bhv-nl.de\/index.php\/wp-json\/wp\/v2\/pages\/794\/revisions"}],"predecessor-version":[{"id":820,"href":"https:\/\/bhv-nl.de\/index.php\/wp-json\/wp\/v2\/pages\/794\/revisions\/820"}],"wp:attachment":[{"href":"https:\/\/bhv-nl.de\/index.php\/wp-json\/wp\/v2\/media?parent=794"}],"curies":[{"name":"wp","href":"https:\/\/api.w.org\/{rel}","templated":true}]}}