{"id":78,"date":"2025-01-31T08:02:10","date_gmt":"2025-01-31T08:02:10","guid":{"rendered":"https:\/\/bhv-nl.de\/index.php\/features\/"},"modified":"2025-10-22T09:42:19","modified_gmt":"2025-10-22T09:42:19","slug":"moeglichkeiten","status":"publish","type":"page","link":"https:\/\/bhv-nl.de\/index.php\/moeglichkeiten\/","title":{"rendered":"M\u00f6glichkeiten"},"content":{"rendered":"\t\t<div data-elementor-type=\"wp-page\" data-elementor-id=\"78\" class=\"elementor elementor-78\" data-elementor-post-type=\"page\">\n\t\t\t\t<div class=\"elementor-element elementor-element-103baf9 e-flex e-con-boxed e-con e-parent\" data-id=\"103baf9\" data-element_type=\"container\" data-e-type=\"container\">\n\t\t\t\t\t<div class=\"e-con-inner\">\n\t\t\t\t<div class=\"elementor-element elementor-element-8f41aac elementor-widget elementor-widget-spacer\" data-id=\"8f41aac\" data-element_type=\"widget\" data-e-type=\"widget\" data-widget_type=\"spacer.default\">\n\t\t\t\t\t\t\t<div class=\"elementor-spacer\">\n\t\t\t<div class=\"elementor-spacer-inner\"><\/div>\n\t\t<\/div>\n\t\t\t\t\t\t<\/div>\n\t\t\t\t\t<\/div>\n\t\t\t\t<\/div>\n\t\t<div class=\"elementor-element elementor-element-82afa3f e-con-full e-flex e-con e-parent\" data-id=\"82afa3f\" data-element_type=\"container\" data-e-type=\"container\">\n\t\t<div class=\"elementor-element elementor-element-8515a61 e-con-full e-flex e-con e-child\" data-id=\"8515a61\" data-element_type=\"container\" data-e-type=\"container\">\n\t\t\t\t<div class=\"elementor-element elementor-element-49dbefe2 animated-fast elementor-invisible elementor-widget elementor-widget-image\" data-id=\"49dbefe2\" data-element_type=\"widget\" data-e-type=\"widget\" data-settings=\"{&quot;motion_fx_motion_fx_scrolling&quot;:&quot;yes&quot;,&quot;motion_fx_translateY_effect&quot;:&quot;yes&quot;,&quot;motion_fx_translateY_direction&quot;:&quot;negative&quot;,&quot;motion_fx_translateY_speed&quot;:{&quot;unit&quot;:&quot;px&quot;,&quot;size&quot;:0.3,&quot;sizes&quot;:[]},&quot;_animation&quot;:&quot;zoomIn&quot;,&quot;motion_fx_translateY_affectedRange&quot;:{&quot;unit&quot;:&quot;%&quot;,&quot;size&quot;:&quot;&quot;,&quot;sizes&quot;:{&quot;start&quot;:0,&quot;end&quot;:100}},&quot;motion_fx_devices&quot;:[&quot;desktop&quot;,&quot;tablet&quot;,&quot;mobile&quot;]}\" data-widget_type=\"image.default\">\n\t\t\t\t\t\t\t\t\t\t\t\t\t\t\t<img fetchpriority=\"high\" decoding=\"async\" width=\"1024\" height=\"682\" src=\"https:\/\/bhv-nl.de\/wp-content\/uploads\/2025\/10\/Mitmachen.webp\" class=\"elementor-animation-float attachment-full size-full wp-image-751\" alt=\"\" srcset=\"https:\/\/bhv-nl.de\/wp-content\/uploads\/2025\/10\/Mitmachen.webp 1024w, https:\/\/bhv-nl.de\/wp-content\/uploads\/2025\/10\/Mitmachen-300x200.webp 300w, https:\/\/bhv-nl.de\/wp-content\/uploads\/2025\/10\/Mitmachen-768x512.webp 768w\" sizes=\"(max-width: 1024px) 100vw, 1024px\" \/>\t\t\t\t\t\t\t\t\t\t\t\t\t\t\t<\/div>\n\t\t\t\t<\/div>\n\t\t<div class=\"elementor-element elementor-element-3ef8627 e-con-full e-flex e-con e-child\" data-id=\"3ef8627\" data-element_type=\"container\" data-e-type=\"container\">\n\t\t\t\t<div class=\"elementor-element elementor-element-36754c7f elementor-widget elementor-widget-heading\" data-id=\"36754c7f\" data-element_type=\"widget\" data-e-type=\"widget\" data-widget_type=\"heading.default\">\n\t\t\t\t\t<h2 class=\"elementor-heading-title elementor-size-default\">Wer kann bei uns mitmachen?<\/h2>\t\t\t\t<\/div>\n\t\t\t\t<div class=\"elementor-element elementor-element-7349cf14 elementor-widget elementor-widget-text-editor\" data-id=\"7349cf14\" data-element_type=\"widget\" data-e-type=\"widget\" data-widget_type=\"text-editor.default\">\n\t\t\t\t\t\t\t\t\t<p style=\"text-align: left;\">Im B\u00fcrgerhilfeverein k\u00f6nnen verschiedene Personen mitmachen, darunter:<\/p><p style=\"text-align: left;\">Ehrenamtliche Helfer: Personen, die sich freiwillig f\u00fcr den Verein engagieren m\u00f6chten, um \u00e4ltere oder hilfsbed\u00fcrftige Menschen zu unterst\u00fctzen. Ehrenamtliche Helfer k\u00f6nnen beispielsweise bei Haushaltsaufgaben, Eink\u00e4ufen oder Begleitung zu Arztterminen helfen.<\/p><p style=\"text-align: left;\">Pflegebed\u00fcrftige Personen: Menschen, die Hilfe ben\u00f6tigen, k\u00f6nnen ebenfalls Mitglied im B\u00fcrgerhilfeverein werden und von den angebotenen Diensten profitieren. <br \/>Wir werden und k\u00f6nnen jedoch nicht die professionelle Leistung von Pflegediensten \u00fcbernehmen. Dazu bedarf es einer speziellen Ausbildung und entsprechender Bef\u00e4higung.<\/p><p style=\"text-align: left;\">Die Mitgliedschaft im B\u00fcrgerhilfeverein ist offen f\u00fcr alle, unabh\u00e4ngig von Konfession, Herkunft oder Weltanschauung. Es gibt keine spezifischen Anforderungen, au\u00dfer dem Wunsch, anderen zu helfen und sich aktiv am Vereinsleben zu beteiligen.<\/p>\t\t\t\t\t\t\t\t<\/div>\n\t\t\t\t<div class=\"elementor-element elementor-element-aa1e3cf elementor-widget elementor-widget-text-editor\" data-id=\"aa1e3cf\" data-element_type=\"widget\" data-e-type=\"widget\" data-widget_type=\"text-editor.default\">\n\t\t\t\t\t\t\t\t\t<p><strong>Verg\u00fctung:<\/strong><\/p><p>Pro Stunde erhaltener Hilfeleistung zahlt jedes Mitglied 8 \u20ac an den Verein. <br \/>Der Betrag wird der\/dem Helfenden entweder ausgezahlt oder einem Konto gutgeschrieben. <br \/>Dieses Guthaben kann sp\u00e4ter bei eigener Hilfebed\u00fcrftigkeit genutzt werden.<\/p>\t\t\t\t\t\t\t\t<\/div>\n\t\t\t\t<\/div>\n\t\t\t\t<\/div>\n\t\t<div class=\"elementor-element elementor-element-5cff60b e-flex e-con-boxed e-con e-parent\" data-id=\"5cff60b\" data-element_type=\"container\" data-e-type=\"container\">\n\t\t\t\t\t<div class=\"e-con-inner\">\n\t\t\t\t<div class=\"elementor-element elementor-element-e9c5156 elementor-widget elementor-widget-heading\" data-id=\"e9c5156\" data-element_type=\"widget\" data-e-type=\"widget\" data-widget_type=\"heading.default\">\n\t\t\t\t\t<h2 class=\"elementor-heading-title elementor-size-default\">Sie wollen bei uns dabei sein und helfen!<\/h2>\t\t\t\t<\/div>\n\t\t\t\t<div class=\"elementor-element elementor-element-f873564 elementor-widget elementor-widget-text-editor\" data-id=\"f873564\" data-element_type=\"widget\" data-e-type=\"widget\" data-widget_type=\"text-editor.default\">\n\t\t\t\t\t\t\t\t\t<p>Dann f\u00fcllen Sie bitte den Mitgliedsantrag aus, teilen uns in dem Fragebogen mit, wie sie sich f\u00fcr Ihre Mitmenschen einbringen k\u00f6nnten, dann erhalten Sie umgehend Bescheid von uns.\u00a0<br \/>Die Formulare k\u00f6nnen direkt am Bildschirm ausgef\u00fcllt werden und \u00fcber das Druckersymbol gedruckt, oder \u00fcber das Diskettensymbol gespeichert werden.\u00a0<br \/>Wenn Sie sich vorher noch unsere Satzung und die Gesch\u00e4fts- und Beitragsordnung ansehen wollen, so k\u00f6nnen Sie diese hier einsehen.\u00a0 <span style=\"text-decoration: underline;\"><em><strong><a href=\"https:\/\/bhv-nl.de\/index.php\/organisation\/\" target=\"_blank\" rel=\"noopener\">SATZUNG<\/a><br \/><\/strong><\/em><\/span>Auch k\u00f6nnen Sie dort nochmal alle Formulare als PDF Dateien downloaden.<\/p>\t\t\t\t\t\t\t\t<\/div>\n\t\t\t\t\t<\/div>\n\t\t\t\t<\/div>\n\t\t<div class=\"elementor-element elementor-element-bff9202 e-flex e-con-boxed e-con e-parent\" data-id=\"bff9202\" data-element_type=\"container\" data-e-type=\"container\">\n\t\t\t\t\t<div class=\"e-con-inner\">\n\t\t<div class=\"elementor-element elementor-element-322ada1 e-con-full e-flex e-con e-child\" data-id=\"322ada1\" data-element_type=\"container\" data-e-type=\"container\">\n\t\t\t\t<div class=\"elementor-element elementor-element-19fc459 elementor-widget elementor-widget-html\" data-id=\"19fc459\" data-element_type=\"widget\" data-e-type=\"widget\" data-widget_type=\"html.default\">\n\t\t\t\t\t<embed src=\"https:\/\/bhv-nl.de\/wp-content\/uploads\/2025\/09\/Aufnahmeantrag.pdf\" type=\"application\/pdf\" width=\"100%\" height=\"1200\">\t\t\t\t<\/div>\n\t\t\t\t<\/div>\n\t\t<div class=\"elementor-element elementor-element-7e72d3e e-con-full e-flex e-con e-child\" data-id=\"7e72d3e\" data-element_type=\"container\" data-e-type=\"container\">\n\t\t\t\t<div class=\"elementor-element elementor-element-007eea4 elementor-widget elementor-widget-html\" data-id=\"007eea4\" data-element_type=\"widget\" data-e-type=\"widget\" data-widget_type=\"html.default\">\n\t\t\t\t\t<embed src=\"https:\/\/bhv-nl.de\/wp-content\/uploads\/2025\/09\/Fragebogen_3.pdf\" type=\"application\/pdf\" width=\"100%\" height=\"1200\">\t\t\t\t<\/div>\n\t\t\t\t<\/div>\n\t\t\t\t\t<\/div>\n\t\t\t\t<\/div>\n\t\t\t\t<\/div>\n\t\t","protected":false},"excerpt":{"rendered":"<p>Wer kann bei uns mitmachen? Im B\u00fcrgerhilfeverein k\u00f6nnen verschiedene Personen mitmachen, darunter: Ehrenamtliche Helfer: Personen, die sich freiwillig f\u00fcr den Verein engagieren m\u00f6chten, um \u00e4ltere oder hilfsbed\u00fcrftige Menschen zu unterst\u00fctzen. Ehrenamtliche Helfer k\u00f6nnen beispielsweise bei Haushaltsaufgaben, Eink\u00e4ufen oder Begleitung zu Arztterminen helfen. Pflegebed\u00fcrftige Personen: Menschen, die Hilfe ben\u00f6tigen, k\u00f6nnen ebenfalls Mitglied im B\u00fcrgerhilfeverein werden und [&hellip;]<\/p>\n","protected":false},"author":1,"featured_media":0,"parent":0,"menu_order":0,"comment_status":"closed","ping_status":"closed","template":"elementor_header_footer","meta":{"footnotes":""},"class_list":["post-78","page","type-page","status-publish","hentry"],"_links":{"self":[{"href":"https:\/\/bhv-nl.de\/index.php\/wp-json\/wp\/v2\/pages\/78","targetHints":{"allow":["GET"]}}],"collection":[{"href":"https:\/\/bhv-nl.de\/index.php\/wp-json\/wp\/v2\/pages"}],"about":[{"href":"https:\/\/bhv-nl.de\/index.php\/wp-json\/wp\/v2\/types\/page"}],"author":[{"embeddable":true,"href":"https:\/\/bhv-nl.de\/index.php\/wp-json\/wp\/v2\/users\/1"}],"replies":[{"embeddable":true,"href":"https:\/\/bhv-nl.de\/index.php\/wp-json\/wp\/v2\/comments?post=78"}],"version-history":[{"count":62,"href":"https:\/\/bhv-nl.de\/index.php\/wp-json\/wp\/v2\/pages\/78\/revisions"}],"predecessor-version":[{"id":754,"href":"https:\/\/bhv-nl.de\/index.php\/wp-json\/wp\/v2\/pages\/78\/revisions\/754"}],"wp:attachment":[{"href":"https:\/\/bhv-nl.de\/index.php\/wp-json\/wp\/v2\/media?parent=78"}],"curies":[{"name":"wp","href":"https:\/\/api.w.org\/{rel}","templated":true}]}}