{"id":103,"date":"2025-01-31T08:02:14","date_gmt":"2025-01-31T08:02:14","guid":{"rendered":"https:\/\/bhv-nl.de\/index.php\/home\/"},"modified":"2025-10-09T09:16:12","modified_gmt":"2025-10-09T09:16:12","slug":"home","status":"publish","type":"page","link":"https:\/\/bhv-nl.de\/","title":{"rendered":"Home"},"content":{"rendered":"\t\t<div data-elementor-type=\"wp-page\" data-elementor-id=\"103\" class=\"elementor elementor-103\" data-elementor-post-type=\"page\">\n\t\t\t\t<div class=\"elementor-element elementor-element-80597bf e-flex e-con-boxed e-con e-parent\" data-id=\"80597bf\" data-element_type=\"container\" data-e-type=\"container\">\n\t\t\t\t\t<div class=\"e-con-inner\">\n\t\t\t\t<div class=\"elementor-element elementor-element-d13e445 elementor-widget elementor-widget-spacer\" data-id=\"d13e445\" data-element_type=\"widget\" data-e-type=\"widget\" data-widget_type=\"spacer.default\">\n\t\t\t\t\t\t\t<div class=\"elementor-spacer\">\n\t\t\t<div class=\"elementor-spacer-inner\"><\/div>\n\t\t<\/div>\n\t\t\t\t\t\t<\/div>\n\t\t\t\t\t<\/div>\n\t\t\t\t<\/div>\n\t\t<div class=\"elementor-element elementor-element-6747eae7 e-flex e-con-boxed e-con e-parent\" data-id=\"6747eae7\" data-element_type=\"container\" data-e-type=\"container\">\n\t\t\t\t\t<div class=\"e-con-inner\">\n\t\t<div class=\"elementor-element elementor-element-47c610f9 e-con-full e-flex e-con e-child\" data-id=\"47c610f9\" data-element_type=\"container\" data-e-type=\"container\">\n\t\t\t\t<div class=\"elementor-element elementor-element-239fdee4 elementor-widget__width-inherit elementor-invisible elementor-widget elementor-widget-heading\" data-id=\"239fdee4\" data-element_type=\"widget\" data-e-type=\"widget\" data-settings=\"{&quot;_animation&quot;:&quot;fadeInLeft&quot;,&quot;_animation_delay&quot;:600}\" data-widget_type=\"heading.default\">\n\t\t\t\t\t<h1 class=\"elementor-heading-title elementor-size-default\">Willkommen beim \nB\u00fcrgerhilfeverein \nNortorfer Land e.V.<\/h1>\t\t\t\t<\/div>\n\t\t\t\t<div class=\"elementor-element elementor-element-498f6326 elementor-widget elementor-widget-text-editor\" data-id=\"498f6326\" data-element_type=\"widget\" data-e-type=\"widget\" data-widget_type=\"text-editor.default\">\n\t\t\t\t\t\t\t\t\t<p>Unser Ziel ist es, B\u00fcrger und B\u00fcrgerinnen im Nortorfer Land zu vernetzen, damit eine gegenseitige Hilfe und Unterst\u00fczung, auch im fortgeschrittenen Alter m\u00f6glich ist.\u00a0<\/p><p>Es w\u00fcrde uns sehr freuen, wenn Sie bei uns mitmachen w\u00fcrden.\u00a0<\/p>\t\t\t\t\t\t\t\t<\/div>\n\t\t\t\t<\/div>\n\t\t<div class=\"elementor-element elementor-element-2b0e0a03 e-con-full e-flex e-con e-child\" data-id=\"2b0e0a03\" data-element_type=\"container\" data-e-type=\"container\">\n\t\t\t\t<div class=\"elementor-element elementor-element-171f183e elementor-absolute elementor-widget__width-inherit elementor-widget-tablet__width-inherit elementor-widget elementor-widget-image\" data-id=\"171f183e\" data-element_type=\"widget\" data-e-type=\"widget\" data-settings=\"{&quot;_position&quot;:&quot;absolute&quot;}\" data-widget_type=\"image.default\">\n\t\t\t\t\t\t\t\t\t\t\t\t\t\t\t<img fetchpriority=\"high\" decoding=\"async\" width=\"697\" height=\"690\" src=\"https:\/\/bhv-nl.de\/wp-content\/uploads\/2025\/02\/BHV-NL-1.png\" class=\"attachment-large size-large wp-image-256\" alt=\"\" srcset=\"https:\/\/bhv-nl.de\/wp-content\/uploads\/2025\/02\/BHV-NL-1.png 697w, https:\/\/bhv-nl.de\/wp-content\/uploads\/2025\/02\/BHV-NL-1-300x297.png 300w\" sizes=\"(max-width: 697px) 100vw, 697px\" \/>\t\t\t\t\t\t\t\t\t\t\t\t\t\t\t<\/div>\n\t\t\t\t<div class=\"elementor-element elementor-element-a3dddaa elementor-absolute animated-fast elementor-widget__width-inherit elementor-invisible elementor-widget elementor-widget-image\" data-id=\"a3dddaa\" data-element_type=\"widget\" data-e-type=\"widget\" data-settings=\"{&quot;_position&quot;:&quot;absolute&quot;,&quot;motion_fx_motion_fx_mouse&quot;:&quot;yes&quot;,&quot;motion_fx_mouseTrack_effect&quot;:&quot;yes&quot;,&quot;motion_fx_mouseTrack_speed&quot;:{&quot;unit&quot;:&quot;px&quot;,&quot;size&quot;:0.1,&quot;sizes&quot;:[]},&quot;motion_fx_tilt_effect&quot;:&quot;yes&quot;,&quot;motion_fx_mouseTrack_direction&quot;:&quot;negative&quot;,&quot;motion_fx_tilt_speed&quot;:{&quot;unit&quot;:&quot;px&quot;,&quot;size&quot;:0.4,&quot;sizes&quot;:[]},&quot;_animation&quot;:&quot;fadeInLeft&quot;,&quot;_animation_delay&quot;:600}\" data-widget_type=\"image.default\">\n\t\t\t\t\t\t\t\t\t\t\t\t\t\t\t<img decoding=\"async\" width=\"697\" height=\"690\" src=\"https:\/\/bhv-nl.de\/wp-content\/uploads\/2025\/02\/BHV-NL-2a.png\" class=\"attachment-large size-large wp-image-257\" alt=\"\" srcset=\"https:\/\/bhv-nl.de\/wp-content\/uploads\/2025\/02\/BHV-NL-2a.png 697w, https:\/\/bhv-nl.de\/wp-content\/uploads\/2025\/02\/BHV-NL-2a-300x297.png 300w\" sizes=\"(max-width: 697px) 100vw, 697px\" \/>\t\t\t\t\t\t\t\t\t\t\t\t\t\t\t<\/div>\n\t\t\t\t<div class=\"elementor-element elementor-element-e60d9f5 animated-fast elementor-widget__width-inherit elementor-invisible elementor-widget elementor-widget-image\" data-id=\"e60d9f5\" data-element_type=\"widget\" data-e-type=\"widget\" data-settings=\"{&quot;motion_fx_motion_fx_mouse&quot;:&quot;yes&quot;,&quot;motion_fx_tilt_effect&quot;:&quot;yes&quot;,&quot;motion_fx_tilt_speed&quot;:{&quot;unit&quot;:&quot;px&quot;,&quot;size&quot;:0.1,&quot;sizes&quot;:[]},&quot;_animation&quot;:&quot;fadeIn&quot;,&quot;_animation_delay&quot;:600}\" data-widget_type=\"image.default\">\n\t\t\t\t\t\t\t\t\t\t\t\t\t\t\t<img decoding=\"async\" width=\"697\" height=\"690\" src=\"https:\/\/bhv-nl.de\/wp-content\/uploads\/2025\/02\/BHV-NL-3a.png\" class=\"attachment-full size-full wp-image-219\" alt=\"\" srcset=\"https:\/\/bhv-nl.de\/wp-content\/uploads\/2025\/02\/BHV-NL-3a.png 697w, https:\/\/bhv-nl.de\/wp-content\/uploads\/2025\/02\/BHV-NL-3a-300x297.png 300w\" sizes=\"(max-width: 697px) 100vw, 697px\" \/>\t\t\t\t\t\t\t\t\t\t\t\t\t\t\t<\/div>\n\t\t\t\t<\/div>\n\t\t\t\t\t<\/div>\n\t\t\t\t<\/div>\n\t\t<div class=\"elementor-element elementor-element-34d2f725 e-con-full e-flex e-con e-parent\" data-id=\"34d2f725\" data-element_type=\"container\" data-e-type=\"container\">\n\t\t<div class=\"elementor-element elementor-element-17138a5b animated-fast e-con-full e-flex elementor-invisible e-con e-child\" data-id=\"17138a5b\" data-element_type=\"container\" data-e-type=\"container\" data-settings=\"{&quot;animation&quot;:&quot;fadeInUp&quot;}\">\n\t\t\t\t<div class=\"elementor-element elementor-element-4aeb3227 elementor-widget elementor-widget-image\" data-id=\"4aeb3227\" data-element_type=\"widget\" data-e-type=\"widget\" data-widget_type=\"image.default\">\n\t\t\t\t\t\t\t\t\t\t\t\t\t\t\t<img loading=\"lazy\" decoding=\"async\" width=\"800\" height=\"605\" src=\"https:\/\/bhv-nl.de\/wp-content\/uploads\/2025\/02\/arztbesuch-1024x774.png\" class=\"elementor-animation-float attachment-large size-large wp-image-208\" alt=\"\" srcset=\"https:\/\/bhv-nl.de\/wp-content\/uploads\/2025\/02\/arztbesuch-1024x774.png 1024w, https:\/\/bhv-nl.de\/wp-content\/uploads\/2025\/02\/arztbesuch-300x227.png 300w, https:\/\/bhv-nl.de\/wp-content\/uploads\/2025\/02\/arztbesuch-768x580.png 768w, https:\/\/bhv-nl.de\/wp-content\/uploads\/2025\/02\/arztbesuch.png 1280w\" sizes=\"(max-width: 800px) 100vw, 800px\" \/>\t\t\t\t\t\t\t\t\t\t\t\t\t\t\t<\/div>\n\t\t\t\t<div class=\"elementor-element elementor-element-587d13fe elementor-widget elementor-widget-icon-box\" data-id=\"587d13fe\" data-element_type=\"widget\" data-e-type=\"widget\" data-widget_type=\"icon-box.default\">\n\t\t\t\t\t\t\t<div class=\"elementor-icon-box-wrapper\">\n\n\t\t\t\n\t\t\t\t\t\t<div class=\"elementor-icon-box-content\">\n\n\t\t\t\t\t\t\t\t\t<h3 class=\"elementor-icon-box-title\">\n\t\t\t\t\t\t<span  >\n\t\t\t\t\t\t\tBegleitung <br>Arztbesuch\t\t\t\t\t\t<\/span>\n\t\t\t\t\t<\/h3>\n\t\t\t\t\n\t\t\t\t\t\t\t\t\t<p class=\"elementor-icon-box-description\">\n\t\t\t\t\t\tWenn es mal notwendig ist eine Begleitung zum Arzt \/ Augenarzt oder in die Klinik zu haben, dann sollte es durch unsere Mitglieder m\u00f6glich sein, eine Begleitung zu organisieren. \t\t\t\t\t<\/p>\n\t\t\t\t\n\t\t\t<\/div>\n\t\t\t\n\t\t<\/div>\n\t\t\t\t\t\t<\/div>\n\t\t\t\t<\/div>\n\t\t<div class=\"elementor-element elementor-element-2c8c9d29 e-con-full e-flex elementor-invisible e-con e-child\" data-id=\"2c8c9d29\" data-element_type=\"container\" data-e-type=\"container\" data-settings=\"{&quot;animation&quot;:&quot;fadeInUp&quot;,&quot;animation_delay&quot;:200}\">\n\t\t\t\t<div class=\"elementor-element elementor-element-700f0d30 elementor-widget elementor-widget-image\" data-id=\"700f0d30\" data-element_type=\"widget\" data-e-type=\"widget\" data-widget_type=\"image.default\">\n\t\t\t\t\t\t\t\t\t\t\t\t\t\t\t<img loading=\"lazy\" decoding=\"async\" width=\"800\" height=\"533\" src=\"https:\/\/bhv-nl.de\/wp-content\/uploads\/2025\/05\/application-1915343_1280-1024x682.jpg\" class=\"elementor-animation-float attachment-large size-large wp-image-545\" alt=\"\" srcset=\"https:\/\/bhv-nl.de\/wp-content\/uploads\/2025\/05\/application-1915343_1280-1024x682.jpg 1024w, https:\/\/bhv-nl.de\/wp-content\/uploads\/2025\/05\/application-1915343_1280-300x200.jpg 300w, https:\/\/bhv-nl.de\/wp-content\/uploads\/2025\/05\/application-1915343_1280-768x512.jpg 768w, https:\/\/bhv-nl.de\/wp-content\/uploads\/2025\/05\/application-1915343_1280.jpg 1280w\" sizes=\"(max-width: 800px) 100vw, 800px\" \/>\t\t\t\t\t\t\t\t\t\t\t\t\t\t\t<\/div>\n\t\t\t\t<div class=\"elementor-element elementor-element-5b622835 elementor-widget elementor-widget-icon-box\" data-id=\"5b622835\" data-element_type=\"widget\" data-e-type=\"widget\" data-widget_type=\"icon-box.default\">\n\t\t\t\t\t\t\t<div class=\"elementor-icon-box-wrapper\">\n\n\t\t\t\n\t\t\t\t\t\t<div class=\"elementor-icon-box-content\">\n\n\t\t\t\t\t\t\t\t\t<h3 class=\"elementor-icon-box-title\">\n\t\t\t\t\t\t<span  >\n\t\t\t\t\t\t\tFormulare \/ Beh\u00f6rden\t\t\t\t\t\t<\/span>\n\t\t\t\t\t<\/h3>\n\t\t\t\t\n\t\t\t\t\t\t\t\t\t<p class=\"elementor-icon-box-description\">\n\t\t\t\t\t\tHilfe bei Antr\u00e4gen, Formularen, Beh\u00f6rdeng\u00e4ngen und alles was oft sehr kompliziert erscheint oder ist.  \t\t\t\t\t<\/p>\n\t\t\t\t\n\t\t\t<\/div>\n\t\t\t\n\t\t<\/div>\n\t\t\t\t\t\t<\/div>\n\t\t\t\t<\/div>\n\t\t<div class=\"elementor-element elementor-element-17c3874b e-con-full e-flex elementor-invisible e-con e-child\" data-id=\"17c3874b\" data-element_type=\"container\" data-e-type=\"container\" data-settings=\"{&quot;animation&quot;:&quot;fadeInUp&quot;,&quot;animation_delay&quot;:400}\">\n\t\t\t\t<div class=\"elementor-element elementor-element-1ed20415 elementor-widget elementor-widget-image\" data-id=\"1ed20415\" data-element_type=\"widget\" data-e-type=\"widget\" data-widget_type=\"image.default\">\n\t\t\t\t\t\t\t\t\t\t\t\t\t\t\t<img loading=\"lazy\" decoding=\"async\" width=\"758\" height=\"1024\" src=\"https:\/\/bhv-nl.de\/wp-content\/uploads\/2025\/02\/einkaufen-758x1024.png\" class=\"elementor-animation-float attachment-large size-large wp-image-205\" alt=\"\" srcset=\"https:\/\/bhv-nl.de\/wp-content\/uploads\/2025\/02\/einkaufen-758x1024.png 758w, https:\/\/bhv-nl.de\/wp-content\/uploads\/2025\/02\/einkaufen-222x300.png 222w, https:\/\/bhv-nl.de\/wp-content\/uploads\/2025\/02\/einkaufen-768x1037.png 768w, https:\/\/bhv-nl.de\/wp-content\/uploads\/2025\/02\/einkaufen.png 948w\" sizes=\"(max-width: 758px) 100vw, 758px\" \/>\t\t\t\t\t\t\t\t\t\t\t\t\t\t\t<\/div>\n\t\t\t\t<div class=\"elementor-element elementor-element-1d62b137 elementor-widget elementor-widget-icon-box\" data-id=\"1d62b137\" data-element_type=\"widget\" data-e-type=\"widget\" data-widget_type=\"icon-box.default\">\n\t\t\t\t\t\t\t<div class=\"elementor-icon-box-wrapper\">\n\n\t\t\t\n\t\t\t\t\t\t<div class=\"elementor-icon-box-content\">\n\n\t\t\t\t\t\t\t\t\t<h3 class=\"elementor-icon-box-title\">\n\t\t\t\t\t\t<span  >\n\t\t\t\t\t\t\tEinkaufshilfen\t\t\t\t\t\t<\/span>\n\t\t\t\t\t<\/h3>\n\t\t\t\t\n\t\t\t\t\t\t\t\t\t<p class=\"elementor-icon-box-description\">\n\t\t\t\t\t\tEin Wocheneinkauf ohne Fahrzeug ist auf dem Lande oft fast nicht m\u00f6glich. Hier ist Unterst\u00fctzung sehr oft notwendig. \t\t\t\t\t<\/p>\n\t\t\t\t\n\t\t\t<\/div>\n\t\t\t\n\t\t<\/div>\n\t\t\t\t\t\t<\/div>\n\t\t\t\t<\/div>\n\t\t<div class=\"elementor-element elementor-element-265a5b68 e-con-full e-flex elementor-invisible e-con e-child\" data-id=\"265a5b68\" data-element_type=\"container\" data-e-type=\"container\" data-settings=\"{&quot;animation&quot;:&quot;fadeInUp&quot;,&quot;animation_delay&quot;:600}\">\n\t\t\t\t<div class=\"elementor-element elementor-element-475759ea elementor-widget elementor-widget-image\" data-id=\"475759ea\" data-element_type=\"widget\" data-e-type=\"widget\" data-widget_type=\"image.default\">\n\t\t\t\t\t\t\t\t\t\t\t\t\t\t\t<img loading=\"lazy\" decoding=\"async\" width=\"800\" height=\"643\" src=\"https:\/\/bhv-nl.de\/wp-content\/uploads\/2025\/02\/gartenarbeit-1024x823.png\" class=\"elementor-animation-float attachment-large size-large wp-image-209\" alt=\"\" srcset=\"https:\/\/bhv-nl.de\/wp-content\/uploads\/2025\/02\/gartenarbeit-1024x823.png 1024w, https:\/\/bhv-nl.de\/wp-content\/uploads\/2025\/02\/gartenarbeit-300x241.png 300w, https:\/\/bhv-nl.de\/wp-content\/uploads\/2025\/02\/gartenarbeit-768x617.png 768w, https:\/\/bhv-nl.de\/wp-content\/uploads\/2025\/02\/gartenarbeit.png 1280w\" sizes=\"(max-width: 800px) 100vw, 800px\" \/>\t\t\t\t\t\t\t\t\t\t\t\t\t\t\t<\/div>\n\t\t\t\t<div class=\"elementor-element elementor-element-1e8e8185 elementor-widget elementor-widget-icon-box\" data-id=\"1e8e8185\" data-element_type=\"widget\" data-e-type=\"widget\" data-widget_type=\"icon-box.default\">\n\t\t\t\t\t\t\t<div class=\"elementor-icon-box-wrapper\">\n\n\t\t\t\n\t\t\t\t\t\t<div class=\"elementor-icon-box-content\">\n\n\t\t\t\t\t\t\t\t\t<h3 class=\"elementor-icon-box-title\">\n\t\t\t\t\t\t<span  >\n\t\t\t\t\t\t\tHilfe im Garten\t\t\t\t\t\t<\/span>\n\t\t\t\t\t<\/h3>\n\t\t\t\t\n\t\t\t\t\t\t\t\t\t<p class=\"elementor-icon-box-description\">\n\t\t\t\t\t\tWir k\u00f6nnen und wollen sicher keinen G\u00e4rtner ersetzen. Jedoch haben wir hoffentlich unter unseren Mitgliedern auch den einen oder die andere, mit dem gr\u00fcnen Daumen, die mit Rat und Tat zur Seite stehen k\u00f6nnen. \t\t\t\t\t<\/p>\n\t\t\t\t\n\t\t\t<\/div>\n\t\t\t\n\t\t<\/div>\n\t\t\t\t\t\t<\/div>\n\t\t\t\t<\/div>\n\t\t<div class=\"elementor-element elementor-element-17f79e8 e-con-full e-flex elementor-invisible e-con e-child\" data-id=\"17f79e8\" data-element_type=\"container\" data-e-type=\"container\" data-settings=\"{&quot;animation&quot;:&quot;fadeInUp&quot;,&quot;animation_delay&quot;:600}\">\n\t\t\t\t<div class=\"elementor-element elementor-element-240cbaa elementor-widget elementor-widget-image\" data-id=\"240cbaa\" data-element_type=\"widget\" data-e-type=\"widget\" data-widget_type=\"image.default\">\n\t\t\t\t\t\t\t\t\t\t\t\t\t\t\t<img loading=\"lazy\" decoding=\"async\" width=\"800\" height=\"866\" src=\"https:\/\/bhv-nl.de\/wp-content\/uploads\/2025\/09\/ai-generated-8718795_1280-946x1024.webp\" class=\"elementor-animation-float attachment-large size-large wp-image-664\" alt=\"\" srcset=\"https:\/\/bhv-nl.de\/wp-content\/uploads\/2025\/09\/ai-generated-8718795_1280-946x1024.webp 946w, https:\/\/bhv-nl.de\/wp-content\/uploads\/2025\/09\/ai-generated-8718795_1280-277x300.webp 277w, https:\/\/bhv-nl.de\/wp-content\/uploads\/2025\/09\/ai-generated-8718795_1280-768x831.webp 768w, https:\/\/bhv-nl.de\/wp-content\/uploads\/2025\/09\/ai-generated-8718795_1280.webp 1183w\" sizes=\"(max-width: 800px) 100vw, 800px\" \/>\t\t\t\t\t\t\t\t\t\t\t\t\t\t\t<\/div>\n\t\t\t\t<div class=\"elementor-element elementor-element-267f382 elementor-widget elementor-widget-icon-box\" data-id=\"267f382\" data-element_type=\"widget\" data-e-type=\"widget\" data-widget_type=\"icon-box.default\">\n\t\t\t\t\t\t\t<div class=\"elementor-icon-box-wrapper\">\n\n\t\t\t\n\t\t\t\t\t\t<div class=\"elementor-icon-box-content\">\n\n\t\t\t\t\t\t\t\t\t<h3 class=\"elementor-icon-box-title\">\n\t\t\t\t\t\t<span  >\n\t\t\t\t\t\t\tHilfe bei IT Fragen\t\t\t\t\t\t<\/span>\n\t\t\t\t\t<\/h3>\n\t\t\t\t\n\t\t\t\t\t\t\t\t\t<p class=\"elementor-icon-box-description\">\n\t\t\t\t\t\tWir helfen Senioren seit Jahren bei ihren IT Fragen. \nDeshalb haben wir auch einige Mitglieder die auch euch hier sicher mit Rat und Tat zur Seite stehen k\u00f6nnen. \t\t\t\t\t<\/p>\n\t\t\t\t\n\t\t\t<\/div>\n\t\t\t\n\t\t<\/div>\n\t\t\t\t\t\t<\/div>\n\t\t\t\t<\/div>\n\t\t\t\t<\/div>\n\t\t\t\t<\/div>\n\t\t","protected":false},"excerpt":{"rendered":"<p>Willkommen beim B\u00fcrgerhilfeverein Nortorfer Land e.V. Unser Ziel ist es, B\u00fcrger und B\u00fcrgerinnen im Nortorfer Land zu vernetzen, damit eine gegenseitige Hilfe und Unterst\u00fczung, auch im fortgeschrittenen Alter m\u00f6glich ist.\u00a0 Es w\u00fcrde uns sehr freuen, wenn Sie bei uns mitmachen w\u00fcrden.\u00a0 Begleitung Arztbesuch Wenn es mal notwendig ist eine Begleitung zum Arzt \/ Augenarzt oder [&hellip;]<\/p>\n","protected":false},"author":1,"featured_media":0,"parent":0,"menu_order":0,"comment_status":"closed","ping_status":"closed","template":"elementor_header_footer","meta":{"footnotes":""},"class_list":["post-103","page","type-page","status-publish","hentry"],"_links":{"self":[{"href":"https:\/\/bhv-nl.de\/index.php\/wp-json\/wp\/v2\/pages\/103","targetHints":{"allow":["GET"]}}],"collection":[{"href":"https:\/\/bhv-nl.de\/index.php\/wp-json\/wp\/v2\/pages"}],"about":[{"href":"https:\/\/bhv-nl.de\/index.php\/wp-json\/wp\/v2\/types\/page"}],"author":[{"embeddable":true,"href":"https:\/\/bhv-nl.de\/index.php\/wp-json\/wp\/v2\/users\/1"}],"replies":[{"embeddable":true,"href":"https:\/\/bhv-nl.de\/index.php\/wp-json\/wp\/v2\/comments?post=103"}],"version-history":[{"count":121,"href":"https:\/\/bhv-nl.de\/index.php\/wp-json\/wp\/v2\/pages\/103\/revisions"}],"predecessor-version":[{"id":714,"href":"https:\/\/bhv-nl.de\/index.php\/wp-json\/wp\/v2\/pages\/103\/revisions\/714"}],"wp:attachment":[{"href":"https:\/\/bhv-nl.de\/index.php\/wp-json\/wp\/v2\/media?parent=103"}],"curies":[{"name":"wp","href":"https:\/\/api.w.org\/{rel}","templated":true}]}}